{"id":2226,"date":"2022-05-27T16:28:44","date_gmt":"2022-05-27T15:28:44","guid":{"rendered":"https:\/\/marialuisaabrantes.com\/?post_type=product&#038;p=2226"},"modified":"2022-05-30T10:23:12","modified_gmt":"2022-05-30T09:23:12","slug":"uma-vida-de-luta-estorias-esquecidas-da-historia-portuguese-edition-kindle-edition","status":"publish","type":"product","link":"https:\/\/marialuisaabrantes.com\/en\/produto\/uma-vida-de-luta-estorias-esquecidas-da-historia-portuguese-edition-kindle-edition\/","title":{"rendered":"Uma Vida de Luta: Est\u00f3rias esquecidas da hist\u00f3ria (Portuguese Edition) Kindle Edition"},"content":{"rendered":"","protected":false},"excerpt":{"rendered":"<h1><a href=\"https:\/\/www.amazon.com\/Uma-Vida-Luta-esquecidas-Portuguese-ebook\/dp\/B0B1VMV9XQ\">VER NO AMAZON<\/a><\/h1>\n","protected":false},"featured_media":2227,"template":"","meta":[],"yoast_head":"<!-- This site is optimized with the Yoast SEO plugin v15.9.2 - https:\/\/yoast.com\/wordpress\/plugins\/seo\/ -->\n<title>Uma Vida de Luta: Est\u00f3rias esquecidas da hist\u00f3ria (Portuguese Edition) Kindle Edition | Dra. Maria Lu\u00edsa Abrantes<\/title>\n<meta name=\"robots\" content=\"index, follow, max-snippet:-1, max-image-preview:large, max-video-preview:-1\" \/>\n<link rel=\"canonical\" href=\"https:\/\/marialuisaabrantes.com\/en\/produto\/uma-vida-de-luta-estorias-esquecidas-da-historia-portuguese-edition-kindle-edition\/\" \/>\n<meta property=\"og:locale\" content=\"en_US\" \/>\n<meta property=\"og:type\" content=\"article\" \/>\n<meta property=\"og:title\" content=\"Uma Vida de Luta: Est\u00f3rias esquecidas da hist\u00f3ria (Portuguese Edition) Kindle Edition | Dra. Maria Lu\u00edsa Abrantes\" \/>\n<meta property=\"og:description\" content=\"VER NO AMAZON\" \/>\n<meta property=\"og:url\" content=\"https:\/\/marialuisaabrantes.com\/en\/produto\/uma-vida-de-luta-estorias-esquecidas-da-historia-portuguese-edition-kindle-edition\/\" \/>\n<meta property=\"og:site_name\" content=\"Dra. Maria Lu\u00edsa Abrantes\" \/>\n<meta property=\"article:modified_time\" content=\"2022-05-30T09:23:12+00:00\" \/>\n<meta property=\"og:image\" content=\"https:\/\/marialuisaabrantes.com\/wp-content\/uploads\/2022\/05\/41YhFZfw55L.jpg\" \/>\n\t<meta property=\"og:image:width\" content=\"340\" \/>\n\t<meta property=\"og:image:height\" content=\"500\" \/>\n<meta name=\"twitter:card\" content=\"summary_large_image\" \/>\n<script type=\"application\/ld+json\" class=\"yoast-schema-graph\">{\"@context\":\"https:\/\/schema.org\",\"@graph\":[{\"@type\":\"WebSite\",\"@id\":\"https:\/\/marialuisaabrantes.com\/#website\",\"url\":\"https:\/\/marialuisaabrantes.com\/\",\"name\":\"Dra. Maria Lu\\u00edsa Abrantes\",\"description\":\"Escrit\\u00f3rio de Advogados\",\"potentialAction\":[{\"@type\":\"SearchAction\",\"target\":\"https:\/\/marialuisaabrantes.com\/?s={search_term_string}\",\"query-input\":\"required name=search_term_string\"}],\"inLanguage\":\"en-US\"},{\"@type\":\"ImageObject\",\"@id\":\"https:\/\/marialuisaabrantes.com\/en\/produto\/uma-vida-de-luta-estorias-esquecidas-da-historia-portuguese-edition-kindle-edition\/#primaryimage\",\"inLanguage\":\"en-US\",\"url\":\"https:\/\/marialuisaabrantes.com\/wp-content\/uploads\/2022\/05\/41YhFZfw55L.jpg\",\"width\":340,\"height\":500},{\"@type\":\"WebPage\",\"@id\":\"https:\/\/marialuisaabrantes.com\/en\/produto\/uma-vida-de-luta-estorias-esquecidas-da-historia-portuguese-edition-kindle-edition\/#webpage\",\"url\":\"https:\/\/marialuisaabrantes.com\/en\/produto\/uma-vida-de-luta-estorias-esquecidas-da-historia-portuguese-edition-kindle-edition\/\",\"name\":\"Uma Vida de Luta: Est\\u00f3rias esquecidas da hist\\u00f3ria (Portuguese Edition) Kindle Edition | Dra. Maria Lu\\u00edsa Abrantes\",\"isPartOf\":{\"@id\":\"https:\/\/marialuisaabrantes.com\/#website\"},\"primaryImageOfPage\":{\"@id\":\"https:\/\/marialuisaabrantes.com\/en\/produto\/uma-vida-de-luta-estorias-esquecidas-da-historia-portuguese-edition-kindle-edition\/#primaryimage\"},\"datePublished\":\"2022-05-27T15:28:44+00:00\",\"dateModified\":\"2022-05-30T09:23:12+00:00\",\"breadcrumb\":{\"@id\":\"https:\/\/marialuisaabrantes.com\/en\/produto\/uma-vida-de-luta-estorias-esquecidas-da-historia-portuguese-edition-kindle-edition\/#breadcrumb\"},\"inLanguage\":\"en-US\",\"potentialAction\":[{\"@type\":\"ReadAction\",\"target\":[\"https:\/\/marialuisaabrantes.com\/en\/produto\/uma-vida-de-luta-estorias-esquecidas-da-historia-portuguese-edition-kindle-edition\/\"]}]},{\"@type\":\"BreadcrumbList\",\"@id\":\"https:\/\/marialuisaabrantes.com\/en\/produto\/uma-vida-de-luta-estorias-esquecidas-da-historia-portuguese-edition-kindle-edition\/#breadcrumb\",\"itemListElement\":[{\"@type\":\"ListItem\",\"position\":1,\"item\":{\"@type\":\"WebPage\",\"@id\":\"https:\/\/marialuisaabrantes.com\/en\/\",\"url\":\"https:\/\/marialuisaabrantes.com\/en\/\",\"name\":\"In\\u00edcio\"}},{\"@type\":\"ListItem\",\"position\":2,\"item\":{\"@type\":\"WebPage\",\"@id\":\"https:\/\/marialuisaabrantes.com\/livros\/\",\"url\":\"https:\/\/marialuisaabrantes.com\/livros\/\",\"name\":\"Livros\"}},{\"@type\":\"ListItem\",\"position\":3,\"item\":{\"@type\":\"WebPage\",\"@id\":\"https:\/\/marialuisaabrantes.com\/en\/produto\/uma-vida-de-luta-estorias-esquecidas-da-historia-portuguese-edition-kindle-edition\/\",\"url\":\"https:\/\/marialuisaabrantes.com\/en\/produto\/uma-vida-de-luta-estorias-esquecidas-da-historia-portuguese-edition-kindle-edition\/\",\"name\":\"Uma Vida de Luta: Est\\u00f3rias esquecidas da hist\\u00f3ria (Portuguese Edition) Kindle Edition\"}}]}]}<\/script>\n<!-- \/ Yoast SEO plugin. -->","_links":{"self":[{"href":"https:\/\/marialuisaabrantes.com\/en\/wp-json\/wp\/v2\/product\/2226\/"}],"collection":[{"href":"https:\/\/marialuisaabrantes.com\/en\/wp-json\/wp\/v2\/product\/"}],"about":[{"href":"https:\/\/marialuisaabrantes.com\/en\/wp-json\/wp\/v2\/types\/product\/"}],"wp:featuredmedia":[{"embeddable":true,"href":"https:\/\/marialuisaabrantes.com\/en\/wp-json\/wp\/v2\/media\/2227\/"}],"wp:attachment":[{"href":"https:\/\/marialuisaabrantes.com\/en\/wp-json\/wp\/v2\/media\/?parent=2226"}],"curies":[{"name":"wp","href":"https:\/\/api.w.org\/{rel}","templated":true}]}}